{"id":656,"date":"2021-02-07T09:59:56","date_gmt":"2021-02-07T05:59:56","guid":{"rendered":"https:\/\/dbformation.tech\/?page_id=656"},"modified":"2023-02-27T10:26:48","modified_gmt":"2023-02-27T06:26:48","slug":"outlook","status":"publish","type":"page","link":"https:\/\/dbformation.tech\/outlook\/","title":{"rendered":"Outlook"},"content":{"rendered":"\n<p class=\"wp-block-paragraph\">Outlook est le client de messagerie d\u00e9velopp\u00e9 par Microsoft.<\/p>\n\n\n\n<p class=\"wp-block-paragraph\">En plus d&rsquo;offrir \u00e0 l&rsquo;utilisateur les outils assurant l&rsquo;envoi, la r\u00e9ception et la gestion de courriers \u00e9lectroniques, Outlook permet de :<\/p>\n\n\n\n<ul class=\"wp-block-list\">\n<li>Cr\u00e9er et g\u00e9rer ses contacts<\/li>\n\n\n\n<li>Planifier ses activit\u00e9s &#8211; rendez-vous, r\u00e9unions et \u00e9v\u00e9nements.<\/li>\n\n\n\n<li>Cr\u00e9er\/g\u00e9rer des t\u00e2ches<\/li>\n\n\n\n<li>Cr\u00e9er\/g\u00e9rer des notes<\/li>\n<\/ul>\n\n\n\n<h2 class=\"wp-block-heading\"><span class=\"ez-toc-section\" id=\"Le_gestionnaire_de_courrier_electronique\"><\/span>Le gestionnaire de courrier \u00e9lectronique<span class=\"ez-toc-section-end\"><\/span><\/h2>\n\n\n\n<ul class=\"wp-block-list\">\n<li><a href=\"https:\/\/dbformation.tech\/index.php\/2021\/02\/12\/outlook-inserer-une-signature\/\" data-type=\"post\" data-id=\"679\">Cr\u00e9er une signature automatique<\/a><\/li>\n\n\n\n<li><a href=\"https:\/\/dbformation.tech\/index.php\/2021\/02\/15\/outlook-creer-et-envoyer-un-message\/\" data-type=\"post\" data-id=\"720\">\u00c9crire\/Envoyer un message<\/a><\/li>\n\n\n\n<li><a href=\"https:\/\/dbformation.tech\/index.php\/2021\/05\/27\/outlook-repondre-a-un-message\/\" data-type=\"post\" data-id=\"1287\">R\u00e9pondre \u00e0 un message<\/a><\/li>\n\n\n\n<li><a href=\"https:\/\/dbformation.tech\/index.php\/2021\/02\/17\/outlook-ajouter-une-piece-jointe\/\" data-type=\"post\" data-id=\"725\">Ajouter une pi\u00e8ce jointe \u00e0 un message<\/a><\/li>\n\n\n\n<li>R\u00e8gles de messagerie pour automatiser le traitement des messages entrant ou sortant\n<ul class=\"wp-block-list\">\n<li><a href=\"https:\/\/dbformation.tech\/index.php\/2021\/02\/07\/outlook-creer-une-regle-de-tri-rapide\/\" data-type=\"post\" data-id=\"658\">Cr\u00e9er une r\u00e8gle de tri rapide<\/a><\/li>\n\n\n\n<li><a href=\"https:\/\/dbformation.tech\/index.php\/2023\/02\/27\/outlook-faire-suivre-un-courrier-automatiquement\/\" data-type=\"post\" data-id=\"2572\">Cr\u00e9er une r\u00e8gle personnalis\u00e9e pour faire suivre un message<\/a><\/li>\n<\/ul>\n<\/li>\n\n\n\n<li><a href=\"https:\/\/dbformation.tech\/index.php\/2021\/02\/07\/outlook-creer-une-archive\/\" data-type=\"post\" data-id=\"661\">Archiver ses messages<\/a><\/li>\n\n\n\n<li><a href=\"https:\/\/dbformation.tech\/index.php\/2021\/02\/07\/outlook-ouvrir-une-archive\/\" data-type=\"post\" data-id=\"666\">Rouvrir une archive<\/a><\/li>\n<\/ul>\n\n\n\n<h4 class=\"wp-block-heading\"><span class=\"ez-toc-section\" id=\"Sevaluer\"><\/span>S&rsquo;\u00e9valuer<span class=\"ez-toc-section-end\"><\/span><\/h4>\n\n\n\n<p class=\"has-background wp-block-paragraph\" style=\"background-color:#9ddeed\"><a href=\"https:\/\/www.proprofs.com\/quiz-school\/ugc\/story.php?title=copy-of-microsoft-word-retraits-et-tabulationszw\" data-type=\"URL\" data-id=\"https:\/\/www.proprofs.com\/quiz-school\/ugc\/story.php?title=copy-of-microsoft-word-retraits-et-tabulationszw\" target=\"_blank\" rel=\"noreferrer noopener\">Quiz sur la gestion du courrier \u00e9lectronique<\/a><\/p>\n\n\n\n<h2 class=\"wp-block-heading\"><span class=\"ez-toc-section\" id=\"Le_Calendrier\"><\/span>Le Calendrier<span class=\"ez-toc-section-end\"><\/span><\/h2>\n\n\n\n<p class=\"wp-block-paragraph\">L&rsquo;outil Calendrier vous aide \u00e0 organiser et g\u00e9rer votre emploi du temps gr\u00e2ce \u00e0 trois \u00e9l\u00e9ments :<br> &#8211; les Rendez-vous,<br> &#8211; les R\u00e9unions,<br>&#8211; les \u00c9v\u00e9nements.<\/p>\n\n\n\n<ul class=\"wp-block-list\">\n<li><a href=\"https:\/\/dbformation.tech\/index.php\/2021\/02\/13\/outlook-creer-un-rendez-vous\/\" data-type=\"post\" data-id=\"686\">Cr\u00e9er un Rendez-Vous<\/a><\/li>\n\n\n\n<li><a href=\"https:\/\/dbformation.tech\/index.php\/2021\/02\/22\/outlook-creer-une-reunion\/\" data-type=\"post\" data-id=\"749\">Cr\u00e9er une R\u00e9union<\/a><\/li>\n<\/ul>\n\n\n\n<h2 class=\"wp-block-heading\"><span class=\"ez-toc-section\" id=\"Gerer_ses_contacts\"><\/span>G\u00e9rer ses contacts<span class=\"ez-toc-section-end\"><\/span><\/h2>\n\n\n\n<ul class=\"wp-block-list\">\n<li><a href=\"https:\/\/dbformation.tech\/index.php\/2021\/02\/14\/outlook-ajouter-un-contact\/\" data-type=\"post\" data-id=\"703\">Ajouter un contact<\/a><\/li>\n\n\n\n<li><a href=\"https:\/\/dbformation.tech\/index.php\/2021\/06\/05\/outlook-creer-un-groupe-de-contacts\/\" data-type=\"post\" data-id=\"1518\">Cr\u00e9er un groupe de contacts<\/a><\/li>\n<\/ul>\n\n\n\n<h2 class=\"wp-block-heading\"><span class=\"ez-toc-section\" id=\"Gerer_les_taches\"><\/span>G\u00e9rer les t\u00e2ches<span class=\"ez-toc-section-end\"><\/span><\/h2>\n\n\n\n<ul class=\"wp-block-list\">\n<li><a href=\"https:\/\/dbformation.tech\/index.php\/2021\/02\/20\/outlook-creer-une-tache\/\" data-type=\"post\" data-id=\"737\">Cr\u00e9er une t\u00e2che<\/a><\/li>\n\n\n\n<li><a href=\"https:\/\/dbformation.tech\/index.php\/2021\/02\/20\/outlook-affecter-une-tache\/\" data-type=\"post\" data-id=\"740\">Affecter une t\u00e2che<\/a><\/li>\n\n\n\n<li><a href=\"https:\/\/dbformation.tech\/index.php\/2021\/02\/20\/outlook-repondre-a-une-de-mande-de-tache\/\" data-type=\"post\" data-id=\"743\">R\u00e9pondre \u00e0 une demande de t\u00e2che<\/a><\/li>\n<\/ul>\n\n\n\n<p class=\"wp-block-paragraph\"><\/p>\n","protected":false},"excerpt":{"rendered":"<p>Outlook est le client de messagerie d\u00e9velopp\u00e9 par Microsoft. En plus d&rsquo;offrir \u00e0 l&rsquo;utilisateur les outils assurant l&rsquo;envoi, la r\u00e9ception et la gestion de courriers \u00e9lectroniques, Outlook permet de : Le gestionnaire de courrier \u00e9lectronique S&rsquo;\u00e9valuer Quiz sur la gestion du courrier \u00e9lectronique Le Calendrier L&rsquo;outil Calendrier vous aide \u00e0 organiser et g\u00e9rer votre emploi &hellip; <\/p>\n<p class=\"link-more\"><a href=\"https:\/\/dbformation.tech\/outlook\/\" class=\"more-link\">Continuer la lecture<span class=\"screen-reader-text\"> de &laquo;&nbsp;Outlook&nbsp;&raquo;<\/span><\/a><\/p>\n","protected":false},"author":1,"featured_media":0,"parent":0,"menu_order":0,"comment_status":"closed","ping_status":"closed","template":"","meta":{"_crdt_document":"","footnotes":""},"class_list":["post-656","page","type-page","status-publish","hentry"],"_links":{"self":[{"href":"https:\/\/dbformation.tech\/wp-json\/wp\/v2\/pages\/656","targetHints":{"allow":["GET"]}}],"collection":[{"href":"https:\/\/dbformation.tech\/wp-json\/wp\/v2\/pages"}],"about":[{"href":"https:\/\/dbformation.tech\/wp-json\/wp\/v2\/types\/page"}],"author":[{"embeddable":true,"href":"https:\/\/dbformation.tech\/wp-json\/wp\/v2\/users\/1"}],"replies":[{"embeddable":true,"href":"https:\/\/dbformation.tech\/wp-json\/wp\/v2\/comments?post=656"}],"version-history":[{"count":26,"href":"https:\/\/dbformation.tech\/wp-json\/wp\/v2\/pages\/656\/revisions"}],"predecessor-version":[{"id":2582,"href":"https:\/\/dbformation.tech\/wp-json\/wp\/v2\/pages\/656\/revisions\/2582"}],"wp:attachment":[{"href":"https:\/\/dbformation.tech\/wp-json\/wp\/v2\/media?parent=656"}],"curies":[{"name":"wp","href":"https:\/\/api.w.org\/{rel}","templated":true}]}}