{"id":3436,"date":"2024-04-24T04:55:03","date_gmt":"2024-04-24T00:55:03","guid":{"rendered":"https:\/\/dbformation.tech\/?page_id=3436"},"modified":"2024-04-24T05:11:36","modified_gmt":"2024-04-24T01:11:36","slug":"tutoriel-mfc-alerter-sur-les-dossiers-a-traiter-en-priorite","status":"publish","type":"page","link":"https:\/\/dbformation.tech\/tutoriel-mfc-alerter-sur-les-dossiers-a-traiter-en-priorite\/","title":{"rendered":"Tutoriel MFC : Alerter sur les dossiers \u00e0 traiter en priorit\u00e9"},"content":{"rendered":"\n<p class=\"wp-block-paragraph\">Objectif : Utiliser une Mise en Forme Conditionnelle (MFC) &#8211; type Formule &#8211; pour garder \u00e0 vue les dossiers \u00e0 traiter en urgence.<\/p>\n\n\n\n<p class=\"has-background wp-block-paragraph\" style=\"background:linear-gradient(184deg,rgb(255,245,203) 0%,rgb(182,227,212) 50%,rgb(51,167,181) 100%)\">Pr\u00e9requis : <br>&#8211; Cr\u00e9er une MFC<br>&#8211; Utiliser une formule dans une MFC<br>&#8211; La fonction logique ET<\/p>\n\n\n\n<p class=\"wp-block-paragraph\">Le tableau \u00e0 t\u00e9l\u00e9charger recense les dossiers patients \u00e0 traiter. pour chacun des dossier est mentionn\u00e9e une date de d\u00e9p\u00f4t ainsi qu&rsquo;une date d&rsquo;\u00e9ch\u00e9ance de traitement  &#8211; date de d\u00e9p\u00f4t + 20 jours.<\/p>\n\n\n\n<p class=\"wp-block-paragraph\">Nous souhaitons \u00eatre alert\u00e9s sur les dossiers non trait\u00e9s 5 jours avant leur date d&rsquo;\u00e9ch\u00e9ance.<\/p>\n\n\n\n<p class=\"wp-block-paragraph\">&#8211; La formule \u00e0 utiliser serait donc :<br><code>=ET($L2&gt;=AUJOURDHUI();$L2&lt;=AUJOURDHUI()+4;$M2=\"Non\")<\/code><br>&#8211; La mise en forme est libre<\/p>\n\n\n\n<div class=\"wp-block-file\"><a id=\"wp-block-file--media-0d762457-075b-4605-9824-c720d92acfb4\" href=\"https:\/\/dbformation.tech\/wp-content\/uploads\/2024\/04\/Alerte_date_limite_traitement.xlsx\">Alerte_date_limite_traitement<\/a><a href=\"https:\/\/dbformation.tech\/wp-content\/uploads\/2024\/04\/Alerte_date_limite_traitement.xlsx\" class=\"wp-block-file__button wp-element-button\" download aria-describedby=\"wp-block-file--media-0d762457-075b-4605-9824-c720d92acfb4\">T\u00e9l\u00e9charger<\/a><\/div>\n","protected":false},"excerpt":{"rendered":"<p>Objectif : Utiliser une Mise en Forme Conditionnelle (MFC) &#8211; type Formule &#8211; pour garder \u00e0 vue les dossiers \u00e0 traiter en urgence. Pr\u00e9requis : &#8211; Cr\u00e9er une MFC&#8211; Utiliser une formule dans une MFC&#8211; La fonction logique ET Le tableau \u00e0 t\u00e9l\u00e9charger recense les dossiers patients \u00e0 traiter. pour chacun des dossier est mentionn\u00e9e &hellip; <\/p>\n<p class=\"link-more\"><a href=\"https:\/\/dbformation.tech\/tutoriel-mfc-alerter-sur-les-dossiers-a-traiter-en-priorite\/\" class=\"more-link\">Continuer la lecture<span class=\"screen-reader-text\"> de &laquo;&nbsp;Tutoriel MFC : Alerter sur les dossiers \u00e0 traiter en priorit\u00e9&nbsp;&raquo;<\/span><\/a><\/p>\n","protected":false},"author":1,"featured_media":0,"parent":0,"menu_order":0,"comment_status":"closed","ping_status":"closed","template":"","meta":{"_crdt_document":"","footnotes":""},"class_list":["post-3436","page","type-page","status-publish","hentry"],"_links":{"self":[{"href":"https:\/\/dbformation.tech\/wp-json\/wp\/v2\/pages\/3436","targetHints":{"allow":["GET"]}}],"collection":[{"href":"https:\/\/dbformation.tech\/wp-json\/wp\/v2\/pages"}],"about":[{"href":"https:\/\/dbformation.tech\/wp-json\/wp\/v2\/types\/page"}],"author":[{"embeddable":true,"href":"https:\/\/dbformation.tech\/wp-json\/wp\/v2\/users\/1"}],"replies":[{"embeddable":true,"href":"https:\/\/dbformation.tech\/wp-json\/wp\/v2\/comments?post=3436"}],"version-history":[{"count":3,"href":"https:\/\/dbformation.tech\/wp-json\/wp\/v2\/pages\/3436\/revisions"}],"predecessor-version":[{"id":3447,"href":"https:\/\/dbformation.tech\/wp-json\/wp\/v2\/pages\/3436\/revisions\/3447"}],"wp:attachment":[{"href":"https:\/\/dbformation.tech\/wp-json\/wp\/v2\/media?parent=3436"}],"curies":[{"name":"wp","href":"https:\/\/api.w.org\/{rel}","templated":true}]}}