{"id":2792,"date":"2023-04-20T13:07:28","date_gmt":"2023-04-20T09:07:28","guid":{"rendered":"https:\/\/dbformation.tech\/?page_id=2792"},"modified":"2023-04-20T13:07:29","modified_gmt":"2023-04-20T09:07:29","slug":"exercices-releves-pluviometriques-sauts-de-page","status":"publish","type":"page","link":"https:\/\/dbformation.tech\/exercices-releves-pluviometriques-sauts-de-page\/","title":{"rendered":"Exercices : Relev\u00e9s pluviom\u00e9triques &#8212; Sauts de page"},"content":{"rendered":"\n<ul class=\"wp-block-list\">\n<li>Veuillez t\u00e9l\u00e9charger le classeur.<\/li>\n\n\n\n<li>Modifier\/ins\u00e9rer des sauts de pages pour qu&rsquo;un seul tableau de relev\u00e9 soit imprim\u00e9 par page.<\/li>\n<\/ul>\n\n\n\n<div class=\"wp-block-file\"><a id=\"wp-block-file--media-d84d4ce1-c50e-41e7-b5ad-cfbc7cd12fbc\" href=\"https:\/\/dbformation.tech\/wp-content\/uploads\/2023\/04\/Releves_pluvio.xlsx\">Releves_pluvio<\/a><a href=\"https:\/\/dbformation.tech\/wp-content\/uploads\/2023\/04\/Releves_pluvio.xlsx\" class=\"wp-block-file__button wp-element-button\" download aria-describedby=\"wp-block-file--media-d84d4ce1-c50e-41e7-b5ad-cfbc7cd12fbc\">T\u00e9l\u00e9charger<\/a><\/div>\n","protected":false},"excerpt":{"rendered":"","protected":false},"author":1,"featured_media":0,"parent":0,"menu_order":0,"comment_status":"closed","ping_status":"closed","template":"","meta":{"_crdt_document":"","footnotes":""},"class_list":["post-2792","page","type-page","status-publish","hentry"],"_links":{"self":[{"href":"https:\/\/dbformation.tech\/wp-json\/wp\/v2\/pages\/2792","targetHints":{"allow":["GET"]}}],"collection":[{"href":"https:\/\/dbformation.tech\/wp-json\/wp\/v2\/pages"}],"about":[{"href":"https:\/\/dbformation.tech\/wp-json\/wp\/v2\/types\/page"}],"author":[{"embeddable":true,"href":"https:\/\/dbformation.tech\/wp-json\/wp\/v2\/users\/1"}],"replies":[{"embeddable":true,"href":"https:\/\/dbformation.tech\/wp-json\/wp\/v2\/comments?post=2792"}],"version-history":[{"count":1,"href":"https:\/\/dbformation.tech\/wp-json\/wp\/v2\/pages\/2792\/revisions"}],"predecessor-version":[{"id":2794,"href":"https:\/\/dbformation.tech\/wp-json\/wp\/v2\/pages\/2792\/revisions\/2794"}],"wp:attachment":[{"href":"https:\/\/dbformation.tech\/wp-json\/wp\/v2\/media?parent=2792"}],"curies":[{"name":"wp","href":"https:\/\/api.w.org\/{rel}","templated":true}]}}