{"id":2211,"date":"2022-03-06T08:43:19","date_gmt":"2022-03-06T04:43:19","guid":{"rendered":"https:\/\/dbformation.tech\/?page_id=2211"},"modified":"2024-08-19T17:18:28","modified_gmt":"2024-08-19T13:18:28","slug":"excel-verrouiller-deverrouiller-des-cellules","status":"publish","type":"page","link":"https:\/\/dbformation.tech\/excel-verrouiller-deverrouiller-des-cellules\/","title":{"rendered":"Excel: Utiliser des r\u00e9f\u00e9rences relatives, absolues ou mixtes"},"content":{"rendered":"\n<p class=\"wp-block-paragraph\">Pour <strong>b\u00e9n\u00e9ficier de la recopie <\/strong>de vos formules, sans erreurs, il est parfois indispensable de <strong>figer la cellule<\/strong> qui sert de r\u00e9f\u00e9rence \u00e0 une ensemble de lignes ou de colonne d&rsquo;un tableau.<\/p>\n\n\n\n<p class=\"wp-block-paragraph\">Au moment o\u00f9 vous \u00eates en train d&rsquo;\u00e9crire une formule, si vous souhaitez figer une cellule, apr\u00e8s l&rsquo;avoir s\u00e9lectionn\u00e9e, appuyer su F4.<\/p>\n\n\n\n<p class=\"wp-block-paragraph\">Un appui successif sur la touche F4 permet d&rsquo;appliquer tour \u00e0 tour les diff\u00e9rentes types de r\u00e9f\u00e9rences: absolue, mixtes ou relatives<\/p>\n\n\n\n<h4 class=\"wp-block-heading\"><strong>Exemple<\/strong>: <\/h4>\n\n\n\n<ul class=\"wp-block-list\">\n<li>Dans une formule vous souhaitez figer la cellule E7\n<ul class=\"wp-block-list\">\n<li>Un appui sur la touche F4 donne $E$7<br>Vous obtenez une <strong>R\u00e9f\u00e9rence absolue <\/strong>\u2014 $ devant le num\u00e9ro de colonne fige la colonne et $ devant le num\u00e9ro de ligne fige la ligne.<br>Quelque soit le sens de votre recopie, la formule fera toujours r\u00e9f\u00e9rence \u00e0 la cellule E7\n<ul class=\"wp-block-list\">\n<li>Un 2nd appui sur F4 donne E$7<br>Vous obtenez une <strong>R\u00e9f\u00e9rence mixte<\/strong> \u2014 <strong>$ devant le num\u00e9ro de ligne<\/strong> =&gt;<strong>Seule la ligne est fig\u00e9e<\/strong>\u2014 La formule fera toujours r\u00e9f\u00e9rence \u00e0 la ligne 7 mais changera de colonne lors d&rsquo;une recopie \u00e0 droite ou \u00e0 gauche.<\/li>\n<\/ul>\n<\/li>\n\n\n\n<li>Un 3\u00e8me appui sur F4 donne $E7<br>Vous obtenez aussi une <strong>R\u00e9f\u00e9rence mixte<\/strong> \u2014 <strong>$ devant le num\u00e9ro de colonne<\/strong> =&gt;<strong>Seule la colonne est fig\u00e9e<\/strong>\u2014 La formule fera toujours r\u00e9f\u00e9rence \u00e0 la colonne E mais changera de ligne lors d&rsquo;une recopie vers le haut ou le bas.<\/li>\n\n\n\n<li>Un dernier appui sur la touche F4 annule le figeage, <strong>lib\u00e8re compl\u00e8tement<\/strong> la cellule<br>Vous obtenez <strong>E7 <\/strong>i. e. une <strong>R\u00e9f\u00e9rence relative<\/strong>. Lors d&rsquo;une recopie, la r\u00e9f\u00e9rence des lignes et colonnes changera.<\/li>\n<\/ul>\n<\/li>\n<\/ul>\n\n\n\n<div class=\"wp-block-file\"><a id=\"wp-block-file--media-c4776316-2994-4b4d-bc20-e062ad0f0cf5\" href=\"https:\/\/dbformation.tech\/wp-content\/uploads\/2024\/08\/ref_absol_relat_mixtes.xlsx\">ref_absol_relat_mixtes<\/a><a href=\"https:\/\/dbformation.tech\/wp-content\/uploads\/2024\/08\/ref_absol_relat_mixtes.xlsx\" class=\"wp-block-file__button wp-element-button\" download aria-describedby=\"wp-block-file--media-c4776316-2994-4b4d-bc20-e062ad0f0cf5\">T\u00e9l\u00e9charger<\/a><\/div>\n\n\n\n<hr class=\"wp-block-separator has-alpha-channel-opacity is-style-wide\"\/>\n\n\n\n<p class=\"wp-block-paragraph\"><a href=\"https:\/\/dbformation.tech\/index.php\/quiz-sur-les-verrouillages-de-cellules\/\" data-type=\"page\" data-id=\"2952\">Fais le quiz !<\/a><\/p>\n","protected":false},"excerpt":{"rendered":"<p>Pour b\u00e9n\u00e9ficier de la recopie de vos formules, sans erreurs, il est parfois indispensable de figer la cellule qui sert de r\u00e9f\u00e9rence \u00e0 une ensemble de lignes ou de colonne d&rsquo;un tableau. Au moment o\u00f9 vous \u00eates en train d&rsquo;\u00e9crire une formule, si vous souhaitez figer une cellule, apr\u00e8s l&rsquo;avoir s\u00e9lectionn\u00e9e, appuyer su F4. Un &hellip; <\/p>\n<p class=\"link-more\"><a href=\"https:\/\/dbformation.tech\/excel-verrouiller-deverrouiller-des-cellules\/\" class=\"more-link\">Continuer la lecture<span class=\"screen-reader-text\"> de &laquo;&nbsp;Excel: Utiliser des r\u00e9f\u00e9rences relatives, absolues ou mixtes&nbsp;&raquo;<\/span><\/a><\/p>\n","protected":false},"author":1,"featured_media":0,"parent":0,"menu_order":0,"comment_status":"closed","ping_status":"closed","template":"","meta":{"_crdt_document":"","footnotes":""},"class_list":["post-2211","page","type-page","status-publish","hentry"],"_links":{"self":[{"href":"https:\/\/dbformation.tech\/wp-json\/wp\/v2\/pages\/2211","targetHints":{"allow":["GET"]}}],"collection":[{"href":"https:\/\/dbformation.tech\/wp-json\/wp\/v2\/pages"}],"about":[{"href":"https:\/\/dbformation.tech\/wp-json\/wp\/v2\/types\/page"}],"author":[{"embeddable":true,"href":"https:\/\/dbformation.tech\/wp-json\/wp\/v2\/users\/1"}],"replies":[{"embeddable":true,"href":"https:\/\/dbformation.tech\/wp-json\/wp\/v2\/comments?post=2211"}],"version-history":[{"count":11,"href":"https:\/\/dbformation.tech\/wp-json\/wp\/v2\/pages\/2211\/revisions"}],"predecessor-version":[{"id":3570,"href":"https:\/\/dbformation.tech\/wp-json\/wp\/v2\/pages\/2211\/revisions\/3570"}],"wp:attachment":[{"href":"https:\/\/dbformation.tech\/wp-json\/wp\/v2\/media?parent=2211"}],"curies":[{"name":"wp","href":"https:\/\/api.w.org\/{rel}","templated":true}]}}