{"id":2124,"date":"2022-02-22T10:07:17","date_gmt":"2022-02-22T06:07:17","guid":{"rendered":"https:\/\/dbformation.tech\/?page_id=2124"},"modified":"2024-10-19T08:34:57","modified_gmt":"2024-10-19T04:34:57","slug":"exercice-formater-des-nombres-avec-des-unites-de-masse","status":"publish","type":"page","link":"https:\/\/dbformation.tech\/exercice-formater-des-nombres-avec-des-unites-de-masse\/","title":{"rendered":"Exercice: formater des nombres avec des unit\u00e9s de masse"},"content":{"rendered":"\n<div class=\"wp-block-file\"><a id=\"wp-block-file--media-62741108-1f52-45fc-a1de-643ef3859a83\" href=\"https:\/\/dbformation.tech\/wp-content\/uploads\/2022\/02\/formater_masses.xlsx\">formater_masses<\/a><a href=\"https:\/\/dbformation.tech\/wp-content\/uploads\/2022\/02\/formater_masses.xlsx\" class=\"wp-block-file__button\" download aria-describedby=\"wp-block-file--media-62741108-1f52-45fc-a1de-643ef3859a83\">T\u00e9l\u00e9charger<\/a><\/div>\n\n\n\n<p class=\"wp-block-paragraph\"><\/p>\n\n\n\n<p class=\"wp-block-paragraph\">Appliquer aux valeurs de la colonne <strong>Masses<\/strong> un format personnalis\u00e9 capable:<\/p>\n\n\n\n<ol class=\"wp-block-list\"><li>de convertir les nombres en kilogramme, tonne et kilotonne,<\/li><li>d&rsquo;\u00e9crire ces nombres avec 2 d\u00e9cimales, <\/li><li>de faire suivre chaque valeur de leur unit\u00e9 de masse respective (kg, t, kt),<\/li><li>de passer en rouge les masses en kilotonnes.<\/li><\/ol>\n\n\n\n<div class=\"wp-block-image\"><figure class=\"aligncenter size-full\"><img loading=\"lazy\" decoding=\"async\" width=\"126\" height=\"338\" src=\"https:\/\/dbformation.tech\/wp-content\/uploads\/2022\/02\/2022-02-22_09-36-15.jpg\" alt=\"\" class=\"wp-image-2126\" srcset=\"https:\/\/dbformation.tech\/wp-content\/uploads\/2022\/02\/2022-02-22_09-36-15.jpg 126w, https:\/\/dbformation.tech\/wp-content\/uploads\/2022\/02\/2022-02-22_09-36-15-112x300.jpg 112w\" sizes=\"auto, (max-width: 126px) 100vw, 126px\" \/><figcaption>Les masses mises en forme<\/figcaption><\/figure><\/div>\n","protected":false},"excerpt":{"rendered":"<p>Appliquer aux valeurs de la colonne Masses un format personnalis\u00e9 capable: de convertir les nombres en kilogramme, tonne et kilotonne, d&rsquo;\u00e9crire ces nombres avec 2 d\u00e9cimales, de faire suivre chaque valeur de leur unit\u00e9 de masse respective (kg, t, kt), de passer en rouge les masses en kilotonnes.<\/p>\n","protected":false},"author":1,"featured_media":0,"parent":0,"menu_order":0,"comment_status":"closed","ping_status":"closed","template":"","meta":{"_crdt_document":"","footnotes":""},"class_list":["post-2124","page","type-page","status-publish","hentry"],"_links":{"self":[{"href":"https:\/\/dbformation.tech\/wp-json\/wp\/v2\/pages\/2124","targetHints":{"allow":["GET"]}}],"collection":[{"href":"https:\/\/dbformation.tech\/wp-json\/wp\/v2\/pages"}],"about":[{"href":"https:\/\/dbformation.tech\/wp-json\/wp\/v2\/types\/page"}],"author":[{"embeddable":true,"href":"https:\/\/dbformation.tech\/wp-json\/wp\/v2\/users\/1"}],"replies":[{"embeddable":true,"href":"https:\/\/dbformation.tech\/wp-json\/wp\/v2\/comments?post=2124"}],"version-history":[{"count":2,"href":"https:\/\/dbformation.tech\/wp-json\/wp\/v2\/pages\/2124\/revisions"}],"predecessor-version":[{"id":2129,"href":"https:\/\/dbformation.tech\/wp-json\/wp\/v2\/pages\/2124\/revisions\/2129"}],"wp:attachment":[{"href":"https:\/\/dbformation.tech\/wp-json\/wp\/v2\/media?parent=2124"}],"curies":[{"name":"wp","href":"https:\/\/api.w.org\/{rel}","templated":true}]}}