{"id":2104,"date":"2022-02-21T15:52:13","date_gmt":"2022-02-21T11:52:13","guid":{"rendered":"https:\/\/dbformation.tech\/?page_id=2104"},"modified":"2022-02-21T15:52:13","modified_gmt":"2022-02-21T11:52:13","slug":"exercice-illustrer-une-repartition-des-ventes","status":"publish","type":"page","link":"https:\/\/dbformation.tech\/exercice-illustrer-une-repartition-des-ventes\/","title":{"rendered":"Exercice: Illustrer une r\u00e9partition des ventes"},"content":{"rendered":"\n<div class=\"wp-block-file\"><a id=\"wp-block-file--media-7652b5ae-423d-4f67-ad86-e5c08694cd91\" href=\"https:\/\/dbformation.tech\/wp-content\/uploads\/2022\/02\/repartition_ventes.xlsx\">repartition_ventes<\/a><a href=\"https:\/\/dbformation.tech\/wp-content\/uploads\/2022\/02\/repartition_ventes.xlsx\" class=\"wp-block-file__button\" download aria-describedby=\"wp-block-file--media-7652b5ae-423d-4f67-ad86-e5c08694cd91\">T\u00e9l\u00e9charger<\/a><\/div>\n\n\n\n<ol class=\"wp-block-list\"><li>Cr\u00e9er un premier graphique qui illustre la r\u00e9partition des ventes r\u00e9alis\u00e9es par vendeur pour 2020<\/li><\/ol>\n\n\n\n<figure class=\"wp-block-image size-full\"><img loading=\"lazy\" decoding=\"async\" width=\"520\" height=\"327\" src=\"https:\/\/dbformation.tech\/wp-content\/uploads\/2022\/02\/exo_graph_secteur.jpg\" alt=\"\" class=\"wp-image-2105\" srcset=\"https:\/\/dbformation.tech\/wp-content\/uploads\/2022\/02\/exo_graph_secteur.jpg 520w, https:\/\/dbformation.tech\/wp-content\/uploads\/2022\/02\/exo_graph_secteur-300x189.jpg 300w\" sizes=\"auto, (max-width: 520px) 100vw, 520px\" \/><figcaption>Etiquettes en l\u00e9gende de donn\u00e9es &#8211; nombre avec 1 d\u00e9cimale<\/figcaption><\/figure>\n\n\n\n<ol class=\"wp-block-list\" start=\"2\"><li>Cr\u00e9er un second graphique qui montre la r\u00e9partition des ventes pour 2020 et 2021<\/li><\/ol>\n\n\n\n<figure class=\"wp-block-image size-full\"><img loading=\"lazy\" decoding=\"async\" width=\"520\" height=\"403\" src=\"https:\/\/dbformation.tech\/wp-content\/uploads\/2022\/02\/exo_graph_anneaux.jpg\" alt=\"\" class=\"wp-image-2107\" srcset=\"https:\/\/dbformation.tech\/wp-content\/uploads\/2022\/02\/exo_graph_anneaux.jpg 520w, https:\/\/dbformation.tech\/wp-content\/uploads\/2022\/02\/exo_graph_anneaux-300x233.jpg 300w\" sizes=\"auto, (max-width: 520px) 100vw, 520px\" \/><figcaption>Style 6<\/figcaption><\/figure>\n","protected":false},"excerpt":{"rendered":"<p>Cr\u00e9er un premier graphique qui illustre la r\u00e9partition des ventes r\u00e9alis\u00e9es par vendeur pour 2020 Cr\u00e9er un second graphique qui montre la r\u00e9partition des ventes pour 2020 et 2021<\/p>\n","protected":false},"author":1,"featured_media":0,"parent":0,"menu_order":0,"comment_status":"closed","ping_status":"closed","template":"","meta":{"_crdt_document":"","footnotes":""},"class_list":["post-2104","page","type-page","status-publish","hentry"],"_links":{"self":[{"href":"https:\/\/dbformation.tech\/wp-json\/wp\/v2\/pages\/2104","targetHints":{"allow":["GET"]}}],"collection":[{"href":"https:\/\/dbformation.tech\/wp-json\/wp\/v2\/pages"}],"about":[{"href":"https:\/\/dbformation.tech\/wp-json\/wp\/v2\/types\/page"}],"author":[{"embeddable":true,"href":"https:\/\/dbformation.tech\/wp-json\/wp\/v2\/users\/1"}],"replies":[{"embeddable":true,"href":"https:\/\/dbformation.tech\/wp-json\/wp\/v2\/comments?post=2104"}],"version-history":[{"count":1,"href":"https:\/\/dbformation.tech\/wp-json\/wp\/v2\/pages\/2104\/revisions"}],"predecessor-version":[{"id":2109,"href":"https:\/\/dbformation.tech\/wp-json\/wp\/v2\/pages\/2104\/revisions\/2109"}],"wp:attachment":[{"href":"https:\/\/dbformation.tech\/wp-json\/wp\/v2\/media?parent=2104"}],"curies":[{"name":"wp","href":"https:\/\/api.w.org\/{rel}","templated":true}]}}