{"id":1059,"date":"2021-04-20T10:17:46","date_gmt":"2021-04-20T06:17:46","guid":{"rendered":"https:\/\/dbformation.tech\/?page_id=1059"},"modified":"2021-04-21T18:54:23","modified_gmt":"2021-04-21T14:54:23","slug":"exercice-fractionner-un-tableau","status":"publish","type":"page","link":"https:\/\/dbformation.tech\/exercice-fractionner-un-tableau\/","title":{"rendered":"Exercice: figer les volets"},"content":{"rendered":"\n<p class=\"wp-block-paragraph\">Utiliser l&rsquo;outil &lsquo;<strong>Figer les volets<\/strong>&lsquo; pour que les colonnes A et B  et la ligne 3 restent visibles \u00e0 l&rsquo;\u00e9cran lors du d\u00e9filement.<\/p>\n\n\n\n<div class=\"wp-block-file\"><a href=\"https:\/\/dbformation.tech\/wp-content\/uploads\/2021\/04\/Tableau_long_Unites_vendues.xlsx\">Tableau_long_Unites_vendues<\/a><a href=\"https:\/\/dbformation.tech\/wp-content\/uploads\/2021\/04\/Tableau_long_Unites_vendues.xlsx\" class=\"wp-block-file__button\" download>T\u00e9l\u00e9charger<\/a><\/div>\n\n\n\n<p class=\"wp-block-paragraph\"><\/p>\n","protected":false},"excerpt":{"rendered":"<p>Utiliser l&rsquo;outil &lsquo;Figer les volets&lsquo; pour que les colonnes A et B et la ligne 3 restent visibles \u00e0 l&rsquo;\u00e9cran lors du d\u00e9filement.<\/p>\n","protected":false},"author":1,"featured_media":0,"parent":0,"menu_order":0,"comment_status":"closed","ping_status":"closed","template":"","meta":{"_crdt_document":"","footnotes":""},"class_list":["post-1059","page","type-page","status-publish","hentry"],"_links":{"self":[{"href":"https:\/\/dbformation.tech\/wp-json\/wp\/v2\/pages\/1059","targetHints":{"allow":["GET"]}}],"collection":[{"href":"https:\/\/dbformation.tech\/wp-json\/wp\/v2\/pages"}],"about":[{"href":"https:\/\/dbformation.tech\/wp-json\/wp\/v2\/types\/page"}],"author":[{"embeddable":true,"href":"https:\/\/dbformation.tech\/wp-json\/wp\/v2\/users\/1"}],"replies":[{"embeddable":true,"href":"https:\/\/dbformation.tech\/wp-json\/wp\/v2\/comments?post=1059"}],"version-history":[{"count":2,"href":"https:\/\/dbformation.tech\/wp-json\/wp\/v2\/pages\/1059\/revisions"}],"predecessor-version":[{"id":1067,"href":"https:\/\/dbformation.tech\/wp-json\/wp\/v2\/pages\/1059\/revisions\/1067"}],"wp:attachment":[{"href":"https:\/\/dbformation.tech\/wp-json\/wp\/v2\/media?parent=1059"}],"curies":[{"name":"wp","href":"https:\/\/api.w.org\/{rel}","templated":true}]}}